{"id":6169,"date":"2018-02-15T12:07:18","date_gmt":"2018-02-15T18:07:18","guid":{"rendered":"http:\/\/www.meditip.lat\/servicios\/?page_id=6169"},"modified":"2019-05-02T12:09:58","modified_gmt":"2019-05-02T17:09:58","slug":"tratamiento-de-hernias","status":"publish","type":"page","link":"https:\/\/www.meditip.lat\/servicios\/tratamiento-de-hernias\/","title":{"rendered":"Tratamiento de hernias"},"content":{"rendered":"<section class=\"l-section wpb_row height_auto\" id=\"inicio\"><div class=\"l-section-h i-cf\"><div class=\"g-cols type_default valign_top\"><div class=\"vc_col-sm-12 wpb_column vc_column_container\"><div class=\"vc_column-inner\"><div class=\"wpb_wrapper\"><div class=\"w-separator type_invisible size_large thick_1 style_solid color_border cont_none\"><span class=\"w-separator-h\"><\/span><\/div>\r\n\t<div class=\"wpb_text_column \">\r\n\t\t<div class=\"wpb_wrapper\">\r\n\t\t\t<h2 style=\"text-align: center;\">Recibe atenci\u00f3n personalizada por un experto y evita complicaciones<\/h2>\n<h3 style=\"text-align: center;\">Solicita una consulta de valoraci\u00f3n y conoce las diversas opciones de tratamiento<\/h3>\n\r\n\t\t<\/div>\r\n\t<\/div>\r\n<\/div><\/div><\/div><\/div><\/div><\/section><section class=\"l-section wpb_row height_auto\" id=\"tratamiento\"><div class=\"l-section-h i-cf\"><div class=\"g-cols type_default valign_top\"><div class=\"vc_col-sm-8 wpb_column vc_column_container\"><div class=\"vc_column-inner\"><div class=\"wpb_wrapper\"><div class=\"w-separator type_invisible size_large thick_1 style_solid color_border cont_none\"><span class=\"w-separator-h\"><\/span><\/div><div class=\"w-image style_simple animate_afc\"><div class=\"us-frame\"><img loading=\"lazy\" decoding=\"async\" width=\"1024\" height=\"896\" src=\"https:\/\/www.meditip.lat\/servicios\/wp-content\/uploads\/2018\/02\/Banner-tratamiento-de-hernias-landing-1024x896.jpg\" class=\"attachment-large size-large\" alt=\"\" srcset=\"https:\/\/www.meditip.lat\/servicios\/wp-content\/uploads\/2018\/02\/Banner-tratamiento-de-hernias-landing-1024x896.jpg 1024w, https:\/\/www.meditip.lat\/servicios\/wp-content\/uploads\/2018\/02\/Banner-tratamiento-de-hernias-landing-300x263.jpg 300w, https:\/\/www.meditip.lat\/servicios\/wp-content\/uploads\/2018\/02\/Banner-tratamiento-de-hernias-landing-768x672.jpg 768w, https:\/\/www.meditip.lat\/servicios\/wp-content\/uploads\/2018\/02\/Banner-tratamiento-de-hernias-landing-600x525.jpg 600w, https:\/\/www.meditip.lat\/servicios\/wp-content\/uploads\/2018\/02\/Banner-tratamiento-de-hernias-landing.jpg 1200w\" sizes=\"auto, (max-width: 1024px) 100vw, 1024px\" \/><\/div><\/div><\/div><\/div><\/div><div class=\"vc_col-sm-4 wpb_column vc_column_container\"><div class=\"vc_column-inner color_custom\" style=\"color:#3b3d40;\"><div class=\"wpb_wrapper\"><div class=\"w-separator type_invisible size_large thick_1 style_solid color_border cont_none\"><span class=\"w-separator-h\"><\/span><\/div>\r\n\t<div class=\"wpb_text_column  vc_custom_1556816996215\">\r\n\t\t<div class=\"wpb_wrapper\">\r\n\t\t\t<h3 style=\"text-align: center;\"><span style=\"color: #ffffff;\">Agenda una cita<\/span><\/h3>\n<div class=\"w-separator type_default size_small thick_2 style_solid color_border cont_icon\"><span class=\"w-separator-h\"><i class=\"fa fa-address-card\"><\/i><\/span><\/div>\n<form accept-charset=\"utf-8\" action=\"https:\/\/www.serviciosmedicosonline.com\/crm\/modules\/Webforms\/capture.php\" enctype=\"multipart\/form-data\" method=\"post\" name=\"Hernias - Consultas\"><input name=\"__vtrftk\" type=\"hidden\" value=\"sid:63c34103e5484febe96f2a4d571678a3636b72e0,1529000185\" \/><\/p>\n<div class=\"w-form-row-label\"><\/div>\n<p><input name=\"publicid\" type=\"hidden\" value=\"d0821051503a2e434175ffeb9c891397\" \/><\/p>\n<div class=\"w-form-row-state\"><\/div>\n<div class=\"w-form-row for_name required\">\n<div class=\"w-form-row-label\"><\/div>\n<div class=\"w-form-row-field\"><input id=\"us_form_1_name\" name=\"firstname\" required=\"\" type=\"text\" value=\"\" placeholder=\"Nombre *\" data-required=\"true\" aria-required=\"true\" \/><\/div>\n<div class=\"w-form-row-state\"><\/div>\n<\/div>\n<div class=\"w-form-row for_name required\">\n<div class=\"w-form-row-label\"><\/div>\n<div class=\"w-form-row-field\"><input id=\"us_form_1_name\" name=\"lastname\" required=\"\" type=\"text\" value=\"\" placeholder=\"Apellido *\" data-required=\"true\" aria-required=\"true\" \/><\/div>\n<div class=\"w-form-row-state\"><\/div>\n<\/div>\n<div class=\"w-form-row for_email required\">\n<div class=\"w-form-row-field\"><input name=\"email\" required=\"\" type=\"email\" value=\"\" placeholder=\"Correo electr\u00f3nico *\" data-required=\"true\" aria-required=\"true\" \/><\/div>\n<\/div>\n<div class=\"w-form-row for_phone required\">\n<div class=\"w-form-row-label\"><\/div>\n<div class=\"w-form-row-field\"><input id=\"us_form_1_phone\" name=\"mobile\" required=\"\" type=\"text\" value=\"\" placeholder=\"N\u00famero de tel\u00e9fono *\" \/><\/div>\n<div class=\"w-form-row-state\"><\/div>\n<\/div>\n<div class=\"w-form-row for_message required\">\n<div class=\"w-form-row-field\"><select name=\"industry\" required=\"\"><option value=\"\">Selecciona tu actividad<\/option><option value=\"Paciente\">Paciente<\/option><option value=\"Cuidador\">Cuidador<\/option><option value=\"Profesional de la salud\">Profesional de la salud<\/option><\/select><\/div>\n<\/div>\n<div class=\"w-form-row for_message required\">\n<div class=\"w-form-row-field\"><select name=\"country\" required=\"\"><option value=\"\">Selecciona tu pa\u00eds<\/option><option value=\"M\u00e9xico\">M\u00e9xico<\/option><option value=\"Otro\">Otro<\/option><\/select><\/div>\n<\/div>\n<div class=\"w-form-row for_captcha required\">\n<div class=\"w-form-row-field\"><select name=\"leadsource\" required=\"\"><option value=\"Hernias - Consultas CDMX\">Agendar cita<\/option><\/select><\/div>\n<\/div>\n<p><center><br \/>\n<input type=\"submit\" value=\"Solicitar CITA\" \/><\/center><\/form>\n<p><script type=\"text\/javascript\">window.onload = function() { var N=navigator.appName, ua=navigator.userAgent, tem;var M=ua.match(\/(opera|chrome|safari|firefox|msie)\\\/?\\s*(\\.?\\d+(\\.\\d+)*)\/i);if(M && (tem= ua.match(\/version\\\/([\\.\\d]+)\/i))!= null) M[2]= tem[1];M=M? [M[1], M[2]]: [N, navigator.appVersion, \"-?\"];var browserName = M[0];var form = document.forms[0], inputs = form.elements; form.onsubmit = function() { var required = [], att, val; for (var i = 0; i < inputs.length; i++) { att = inputs&#091;i&#093;.getAttribute(\"required\"); val = inputs&#091;i&#093;.value; type = inputs&#091;i&#093;.type; if(type == \"email\") {if(val != \"\") {var elemLabel = inputs&#091;i&#093;.getAttribute(\"label\");var emailFilter = \/^&#091;_\/a-zA-Z0-9&#093;+(&#091;!\"#$%&#038;()*+,.\/:;<=>?\\^_`{|}~-]?[a-zA-Z0-9\/_\/-])*@[a-zA-Z0-9]+([\\_\\-\\.]?[a-zA-Z0-9]+)*\\.([\\-\\_]?[a-zA-Z0-9])+(\\.?[a-zA-Z0-9]+)?$\/;var illegalChars= \/[\\(\\)\\<\\>\\,\\;\\:\\\"\\[\\]]\/ ;if (!emailFilter.test(val)) {alert(\"For \"+ elemLabel +\" field please enter valid email address\"); return false;} else if (val.match(illegalChars)) {alert(elemLabel +\" field contains illegal characters\");return false;}}}if (att != null) { if (val.replace(\/^\\s+|\\s+$\/g, \"\") == \"\") { required.push(inputs[i].getAttribute(\"label\")); } } } if (required.length > 0) { alert(\"The following fields are required: \" + required.join()); return false; } var numberTypeInputs = document.querySelectorAll(\"input[type=number]\");for (var i = 0; i < numberTypeInputs.length; i++) { val = numberTypeInputs&#091;i&#093;.value;var elemLabel = numberTypeInputs&#091;i&#093;.getAttribute(\"label\");if(val != \"\") {var intRegex = \/^&#091;+-&#093;?\\d+$\/;if (!intRegex.test(val)) {alert(\"For \"+ elemLabel +\" field please enter valid number\"); return false;}}}}; }<\/script><\/p>\n\r\n\t\t<\/div>\r\n\t<\/div>\r\n<div class=\"w-separator type_invisible size_small thick_1 style_solid color_border cont_none\"><span class=\"w-separator-h\"><\/span><\/div>\r\n\t<div class=\"wpb_text_column \">\r\n\t\t<div class=\"wpb_wrapper\">\r\n\t\t\t<p>En Meditip, estamos comprometidos con las personas que requieren de atenci\u00f3n especializada para el tratamiento de hernias. Ser\u00e1 un placer para nosotros recibirte a ti o a tu paciente.<\/p>\n\r\n\t\t<\/div>\r\n\t<\/div>\r\n<div class=\"w-separator type_invisible size_small thick_1 style_solid color_border cont_none\"><span class=\"w-separator-h\"><\/span><\/div><\/div><\/div><\/div><\/div><\/div><\/section><section class=\"l-section wpb_row height_auto color_alternate with_img parallax_hor bgwidth_130 with_overlay\"><div class=\"l-section-img\" style=\"background-image: url();\"><\/div><div class=\"l-section-overlay\" style=\"background-color: #e3e3e3\"><\/div><div class=\"l-section-h i-cf\"><div class=\"g-cols type_default valign_middle\"><div class=\"vc_col-sm-12 wpb_column vc_column_container animate_afb\"><div class=\"vc_column-inner\"><div class=\"wpb_wrapper\"><div class=\"w-logos style_3 with_indents type_carousel cols_5\"><div class=\"w-logos-list owl-carousel\" data-items=\"5\" data-nav=\"0\" data-dots=\"0\" data-center=\"0\" data-autoplay=\"0\" data-timeout=\"3000\" data-slideby=\"1\"><a class=\"w-logos-item\" href=\"https:\/\/www.meditip.lat\/salud-de-la-a-z\/hernias\/hernias\/\" title=\"Hernias: tipos, causas y tratamiento\"><img loading=\"lazy\" decoding=\"async\" width=\"300\" height=\"300\" src=\"https:\/\/www.meditip.lat\/servicios\/wp-content\/uploads\/2018\/02\/Tipos-de-hernias-300x300.png\" class=\"attachment-medium size-medium\" alt=\"\" srcset=\"https:\/\/www.meditip.lat\/servicios\/wp-content\/uploads\/2018\/02\/Tipos-de-hernias-300x300.png 300w, https:\/\/www.meditip.lat\/servicios\/wp-content\/uploads\/2018\/02\/Tipos-de-hernias-150x150.png 150w, https:\/\/www.meditip.lat\/servicios\/wp-content\/uploads\/2018\/02\/Tipos-de-hernias.png 400w, https:\/\/www.meditip.lat\/servicios\/wp-content\/uploads\/2018\/02\/Tipos-de-hernias-350x350.png 350w\" sizes=\"auto, (max-width: 300px) 100vw, 300px\" \/><\/a><a class=\"w-logos-item\" href=\"https:\/\/www.meditip.lat\/salud-de-la-a-z\/hernias\/hernia-hiatal\/\" title=\"Hernia hiatal: tipos, causas, s\u00edntomas y tratamiento\"><img loading=\"lazy\" decoding=\"async\" width=\"300\" height=\"300\" src=\"https:\/\/www.meditip.lat\/servicios\/wp-content\/uploads\/2018\/02\/Hernia-hiatal-300x300.png\" class=\"attachment-medium size-medium\" alt=\"\" srcset=\"https:\/\/www.meditip.lat\/servicios\/wp-content\/uploads\/2018\/02\/Hernia-hiatal-300x300.png 300w, https:\/\/www.meditip.lat\/servicios\/wp-content\/uploads\/2018\/02\/Hernia-hiatal-150x150.png 150w, https:\/\/www.meditip.lat\/servicios\/wp-content\/uploads\/2018\/02\/Hernia-hiatal.png 400w, https:\/\/www.meditip.lat\/servicios\/wp-content\/uploads\/2018\/02\/Hernia-hiatal-350x350.png 350w\" sizes=\"auto, (max-width: 300px) 100vw, 300px\" \/><\/a><a class=\"w-logos-item\" href=\"https:\/\/www.meditip.lat\/salud-de-la-a-z\/hernias\/hernia-inguinal\/\" title=\"Hernia Inguinal: causas, s\u00edntomas y tratamiento\"><img loading=\"lazy\" decoding=\"async\" width=\"300\" height=\"300\" src=\"https:\/\/www.meditip.lat\/servicios\/wp-content\/uploads\/2018\/02\/Hernia-inguinal-300x300.png\" class=\"attachment-medium size-medium\" alt=\"\" srcset=\"https:\/\/www.meditip.lat\/servicios\/wp-content\/uploads\/2018\/02\/Hernia-inguinal-300x300.png 300w, https:\/\/www.meditip.lat\/servicios\/wp-content\/uploads\/2018\/02\/Hernia-inguinal-150x150.png 150w, https:\/\/www.meditip.lat\/servicios\/wp-content\/uploads\/2018\/02\/Hernia-inguinal.png 400w, https:\/\/www.meditip.lat\/servicios\/wp-content\/uploads\/2018\/02\/Hernia-inguinal-350x350.png 350w\" sizes=\"auto, (max-width: 300px) 100vw, 300px\" \/><\/a><a class=\"w-logos-item\" href=\"https:\/\/www.meditip.lat\/salud-de-la-a-z\/hernias\/hernia-umbilical\/\" title=\"Hernia umbilical: causas, tratamiento y complicaciones\"><img loading=\"lazy\" decoding=\"async\" width=\"300\" height=\"300\" src=\"https:\/\/www.meditip.lat\/servicios\/wp-content\/uploads\/2018\/02\/Hernia-umbilical-300x300.png\" class=\"attachment-medium size-medium\" alt=\"\" srcset=\"https:\/\/www.meditip.lat\/servicios\/wp-content\/uploads\/2018\/02\/Hernia-umbilical-300x300.png 300w, https:\/\/www.meditip.lat\/servicios\/wp-content\/uploads\/2018\/02\/Hernia-umbilical-150x150.png 150w, https:\/\/www.meditip.lat\/servicios\/wp-content\/uploads\/2018\/02\/Hernia-umbilical.png 400w, https:\/\/www.meditip.lat\/servicios\/wp-content\/uploads\/2018\/02\/Hernia-umbilical-350x350.png 350w\" sizes=\"auto, (max-width: 300px) 100vw, 300px\" \/><\/a><a class=\"w-logos-item\" href=\"https:\/\/www.meditip.lat\/salud-de-la-a-z\/hernias\/hernia-epigastrica\/\" title=\"Hernia epig\u00e1strica: causas, tratamiento y complicaciones\"><img loading=\"lazy\" decoding=\"async\" width=\"300\" height=\"300\" src=\"https:\/\/www.meditip.lat\/servicios\/wp-content\/uploads\/2018\/02\/Hernia-epig\u00e1strica-300x300.png\" class=\"attachment-medium size-medium\" alt=\"\" srcset=\"https:\/\/www.meditip.lat\/servicios\/wp-content\/uploads\/2018\/02\/Hernia-epig\u00e1strica-300x300.png 300w, https:\/\/www.meditip.lat\/servicios\/wp-content\/uploads\/2018\/02\/Hernia-epig\u00e1strica-150x150.png 150w, https:\/\/www.meditip.lat\/servicios\/wp-content\/uploads\/2018\/02\/Hernia-epig\u00e1strica.png 400w, https:\/\/www.meditip.lat\/servicios\/wp-content\/uploads\/2018\/02\/Hernia-epig\u00e1strica-350x350.png 350w\" sizes=\"auto, (max-width: 300px) 100vw, 300px\" \/><\/a><\/div><div class=\"g-preloader type_1\"><\/div><\/div><\/div><\/div><\/div><\/div><\/div><\/section><section class=\"l-section wpb_row height_large color_primary with_img parallax_fixed with_overlay\" id=\"confianza\"><div class=\"l-section-img\" style=\"background-image: url(https:\/\/www.meditip.lat\/servicios\/wp-content\/uploads\/2018\/02\/fondo_hernias.jpg);background-position: bottom center;\" data-img-width=\"5000\" data-img-height=\"3300\"><\/div><div class=\"l-section-overlay\" style=\"background-color: rgba(30,30,30,0.75)\"><\/div><div class=\"l-section-h i-cf\"><div class=\"g-cols type_default valign_middle vc_column-gap-20\"><div class=\"vc_col-sm-12 wpb_column vc_column_container animate_afb\"><div class=\"vc_column-inner\"><div class=\"wpb_wrapper\">\r\n\t<div class=\"wpb_text_column \">\r\n\t\t<div class=\"wpb_wrapper\">\r\n\t\t\t<h2 style=\"text-align: center;\"><strong>Por qu\u00e9 confiar en nosotros<\/strong><\/h2>\n<h6 style=\"text-align: center;\">En Meditip, contamos con una red de especialistas para el diagn\u00f3stico, tratamiento y recuperaci\u00f3n de todos los tipos de hernias. Nuestro sitio te guiar\u00e1 a trav\u00e9s del aprendizaje de los s\u00edntomas de las hernias, los diferentes tipos y las opciones de reparaci\u00f3n. Una vez que hayas decidido buscar tratamiento, nos dar\u00e1 mucho gusto atenderte y acompa\u00f1arte a lo largo de tu recuperaci\u00f3n<\/h6>\n\r\n\t\t<\/div>\r\n\t<\/div>\r\n<\/div><\/div><\/div><\/div><\/div><\/section><section class=\"l-section wpb_row height_large\" id=\"contactanos\"><div class=\"l-section-h i-cf\"><div class=\"g-cols type_default valign_top\"><div class=\"vc_col-sm-12 wpb_column vc_column_container animate_afb\"><div class=\"vc_column-inner\"><div class=\"wpb_wrapper\">\r\n\t<div class=\"wpb_text_column \">\r\n\t\t<div class=\"wpb_wrapper\">\r\n\t\t\t<h2 style=\"text-align: center;\">\u00bfTienes alguna duda? \u00bfCont\u00e1ctanos?<\/h2>\n\r\n\t\t<\/div>\r\n\t<\/div>\r\n<div class=\"w-btn-wrapper align_center\"><a class=\"w-btn style_solid color_primary icon_atleft\" href=\"http:\/\/www.meditip.lat\/contactanos\/\"><i class=\"material-icons\">message<\/i><span class=\"w-btn-label\">Contactar ahora<\/span><\/a><\/div><\/div><\/div><\/div><\/div><\/div><\/section><section class=\"l-section wpb_row height_large color_primary with_img parallax_ver with_overlay\" id=\"testimonios\"><div class=\"l-section-img\" style=\"background-image: url(https:\/\/www.meditip.lat\/servicios\/wp-content\/uploads\/2018\/02\/32-dc-wedding-photographer-happy-portrait.jpg);background-position: top center;background-size: contain;\" data-img-width=\"900\" data-img-height=\"599\"><\/div><div class=\"l-section-overlay\" style=\"background-color: rgba(30,30,30,0.75)\"><\/div><div class=\"l-section-h i-cf\"><div class=\"g-cols type_default valign_middle vc_column-gap-20\"><div class=\"vc_col-sm-12 wpb_column vc_column_container animate_afb\"><div class=\"vc_column-inner\"><div class=\"wpb_wrapper\">\r\n\t<div class=\"wpb_text_column \">\r\n\t\t<div class=\"wpb_wrapper\">\r\n\t\t\t<h2 style=\"text-align: center;\"><strong>Historias de \u00c9xito<\/strong><\/h2>\n\r\n\t\t<\/div>\r\n\t<\/div>\r\n<div class=\"w-testimonials style_5 type_carousel\" style=\"font-size:1.5em;\"><div class=\"w-testimonials-list owl-carousel\" data-items=\"1\" data-nav=\"1\" data-dots=\"0\" data-center=\"0\" data-autoplay=\"0\" data-timeout=\"3000\" data-autoheight=\"1\"><div class=\"w-testimonial\"><blockquote class=\"w-testimonial-h\"><div class=\"w-testimonial-text\"><p>Sabemos que visitar a un m\u00e9dico puede ser una experiencia inc\u00f3moda o dif\u00edcil. La mayor\u00eda de las personas espera solo visitar a unos cuantos cirujanos a lo largo de su vida. No saber qu\u00e9 esperar y no conocer al m\u00e9dico que vas a ver puede causar intranquilidad.<\/p>\n<p>Estamos orgullosos de nuestra labor de informaci\u00f3n y educaci\u00f3n al respecto de las hernias y otros padecimientos. Nuestra filosof\u00eda de satisfacci\u00f3n total del paciente nos ayuda a mejorar continuamente y a asegurar el mejor resultado. Por ello alentamos a nuestros pacientes a dar su opini\u00f3n sobre su experiencia.<\/p>\n<p>A continuaci\u00f3n presentamos algunos testimonios que esperamos te ayuden a saber que no est\u00e1s solo.<\/p>\n<\/div><div class=\"w-testimonial-author\"><div><span class=\"w-testimonial-author-name\"><span>Jes\u00fas Flores<\/span><\/span><span class=\"w-testimonial-author-role\">Paciente en Meditip<\/span><\/div><\/div><\/blockquote><\/div><div class=\"w-testimonial\"><blockquote class=\"w-testimonial-h\"><div class=\"w-testimonial-text\"><p>\u00a1Excelente trabajo!\u00a0Solo quiero decir que mi cirug\u00eda de hernia la semana pasada sali\u00f3 muy bien. No necesit\u00e9 ninguno de los analg\u00e9sicos y en poco tiempo me sent\u00eda como antes, \u00a1pero sin hernia!<\/p>\n<\/div><div class=\"w-testimonial-author\"><div><span class=\"w-testimonial-author-name\"><span>Mario Su\u00e1rez<\/span><\/span><span class=\"w-testimonial-author-role\">Paciente en Meditip<\/span><\/div><\/div><\/blockquote><\/div><div class=\"w-testimonial\"><blockquote class=\"w-testimonial-h\"><div class=\"w-testimonial-text\"><p>El mejor trato para el paciente.\u00a0Es un placer recomendar a la Cl\u00ednica de Hernias a cualquiera que necesite reparaci\u00f3n de una hernia. Hice una investigaci\u00f3n completa antes de tomar la decisi\u00f3n y encontrar toda la informaci\u00f3n que proveen fue de gran ayuda. Hay muchas personas con situaciones de este tipo y hay excelentes profesionales con mucha experiencia en el manejo. Dar el paso de buscar ayuda es siempre lo m\u00e1s dif\u00edcil y para m\u00ed encontrar este servicio hizo la diferencia.<\/p>\n<\/div><div class=\"w-testimonial-author\"><div><span class=\"w-testimonial-author-name\"><span>Manuel Velasco<\/span><\/span><span class=\"w-testimonial-author-role\">Paciente en Meditip<\/span><\/div><\/div><\/blockquote><\/div><\/div><div class=\"g-preloader type_1\"><\/div><\/div><\/div><\/div><\/div><\/div><\/div><\/section>\n","protected":false},"excerpt":{"rendered":"Meditip En conjunto con Boston Medical Care, estamos comprometidos con las personas que requieren de atenci\u00f3n especializada para el tratamiento de heridas. Ser\u00e1 un placer para nosotros recibirte a ti...","protected":false},"author":1,"featured_media":0,"parent":0,"menu_order":0,"comment_status":"closed","ping_status":"closed","template":"","meta":{"footnotes":""},"class_list":["post-6169","page","type-page","status-publish","hentry"],"_links":{"self":[{"href":"https:\/\/www.meditip.lat\/servicios\/wp-json\/wp\/v2\/pages\/6169","targetHints":{"allow":["GET"]}}],"collection":[{"href":"https:\/\/www.meditip.lat\/servicios\/wp-json\/wp\/v2\/pages"}],"about":[{"href":"https:\/\/www.meditip.lat\/servicios\/wp-json\/wp\/v2\/types\/page"}],"author":[{"embeddable":true,"href":"https:\/\/www.meditip.lat\/servicios\/wp-json\/wp\/v2\/users\/1"}],"replies":[{"embeddable":true,"href":"https:\/\/www.meditip.lat\/servicios\/wp-json\/wp\/v2\/comments?post=6169"}],"version-history":[{"count":47,"href":"https:\/\/www.meditip.lat\/servicios\/wp-json\/wp\/v2\/pages\/6169\/revisions"}],"predecessor-version":[{"id":6456,"href":"https:\/\/www.meditip.lat\/servicios\/wp-json\/wp\/v2\/pages\/6169\/revisions\/6456"}],"wp:attachment":[{"href":"https:\/\/www.meditip.lat\/servicios\/wp-json\/wp\/v2\/media?parent=6169"}],"curies":[{"name":"wp","href":"https:\/\/api.w.org\/{rel}","templated":true}]}}