{"id":6112,"date":"2018-01-16T10:50:11","date_gmt":"2018-01-16T16:50:11","guid":{"rendered":"http:\/\/www.meditip.lat\/servicios\/?page_id=6112"},"modified":"2019-04-26T14:56:35","modified_gmt":"2019-04-26T19:56:35","slug":"guia-para-el-cuidado-y-tratamiento-de-heridas","status":"publish","type":"page","link":"https:\/\/www.meditip.lat\/servicios\/guia-para-el-cuidado-y-tratamiento-de-heridas\/","title":{"rendered":"Gu\u00eda para el cuidado y tratamiento de heridas"},"content":{"rendered":"<section class=\"l-section wpb_row height_auto\" id=\"inicio\"><div class=\"l-section-h i-cf\"><div class=\"g-cols type_default valign_top\"><div class=\"vc_col-sm-12 wpb_column vc_column_container\"><div class=\"vc_column-inner\"><div class=\"wpb_wrapper\"><div class=\"w-separator type_invisible size_large thick_1 style_solid color_border cont_none\"><span class=\"w-separator-h\"><\/span><\/div>\r\n\t<div class=\"wpb_text_column \">\r\n\t\t<div class=\"wpb_wrapper\">\r\n\t\t\t<h2 style=\"text-align: center;\">Gu\u00eda para el cuidado y tratamiento de heridas<\/h2>\n\r\n\t\t<\/div>\r\n\t<\/div>\r\n<\/div><\/div><\/div><\/div><\/div><\/section><section class=\"l-section wpb_row height_auto\" id=\"descargar\"><div class=\"l-section-h i-cf\"><div class=\"g-cols type_default valign_top\"><div class=\"vc_col-sm-8 wpb_column vc_column_container\"><div class=\"vc_column-inner\"><div class=\"wpb_wrapper\"><div class=\"w-separator type_invisible size_large thick_1 style_solid color_border cont_none\"><span class=\"w-separator-h\"><\/span><\/div><div class=\"w-image style_simple animate_afc\"><div class=\"us-frame\"><img loading=\"lazy\" decoding=\"async\" width=\"1024\" height=\"896\" src=\"https:\/\/www.meditip.lat\/servicios\/wp-content\/uploads\/2018\/01\/Imagen-landing-ebook-TSH2-1024x896.png\" class=\"attachment-large size-large\" alt=\"\" srcset=\"https:\/\/www.meditip.lat\/servicios\/wp-content\/uploads\/2018\/01\/Imagen-landing-ebook-TSH2-1024x896.png 1024w, https:\/\/www.meditip.lat\/servicios\/wp-content\/uploads\/2018\/01\/Imagen-landing-ebook-TSH2-300x263.png 300w, https:\/\/www.meditip.lat\/servicios\/wp-content\/uploads\/2018\/01\/Imagen-landing-ebook-TSH2-768x672.png 768w, https:\/\/www.meditip.lat\/servicios\/wp-content\/uploads\/2018\/01\/Imagen-landing-ebook-TSH2-600x525.png 600w, https:\/\/www.meditip.lat\/servicios\/wp-content\/uploads\/2018\/01\/Imagen-landing-ebook-TSH2.png 1200w\" sizes=\"auto, (max-width: 1024px) 100vw, 1024px\" \/><\/div><\/div><\/div><\/div><\/div><div class=\"vc_col-sm-4 wpb_column vc_column_container\"><div class=\"vc_column-inner color_custom\" style=\"color:#3b3d40;\"><div class=\"wpb_wrapper\"><div class=\"w-separator type_invisible size_large thick_1 style_solid color_border cont_none\"><span class=\"w-separator-h\"><\/span><\/div>\r\n\t<div class=\"wpb_text_column  vc_custom_1556307573872\">\r\n\t\t<div class=\"wpb_wrapper\">\r\n\t\t\t<h3 style=\"text-align: center;\"><span style=\"color: #ffffff;\">Descargar E-BOOK<\/span><\/h3>\n<div class=\"w-separator type_default size_small thick_2 style_solid color_border cont_icon\"><span class=\"w-separator-h\"><i class=\"fa fa-address-card\"><\/i><\/span><\/div>\n<form accept-charset=\"utf-8\" action=\"https:\/\/www.serviciosmedicosonline.com\/crm\/modules\/Webforms\/capture.php\" enctype=\"multipart\/form-data\" method=\"post\" name=\"TSH - Ebook\"><input name=\"__vtrftk\" type=\"hidden\" value=\"sid:f993c9a8c16d99c34f1d328389772ce12f8fa587,1528999100\" \/><\/p>\n<div class=\"w-form-row for_name required\">\n<div class=\"w-form-row-label\"><\/div>\n<p><input name=\"publicid\" type=\"hidden\" value=\"5de854ad78d6e34d51094b6c3aa32b6c\" \/><\/p>\n<div class=\"w-form-row-state\"><\/div>\n<div class=\"w-form-row for_name required\">\n<div class=\"w-form-row-label\"><\/div>\n<div class=\"w-form-row-field\"><input id=\"us_form_1_name\" name=\"firstname\" required=\"\" type=\"text\" value=\"\" placeholder=\"Nombre *\" data-required=\"true\" aria-required=\"true\" \/><\/div>\n<div class=\"w-form-row-state\"><\/div>\n<\/div>\n<div class=\"w-form-row for_name required\">\n<div class=\"w-form-row-label\"><\/div>\n<div class=\"w-form-row-field\"><input id=\"us_form_1_name\" name=\"lastname\" required=\"\" type=\"text\" value=\"\" placeholder=\"Apellido *\" data-required=\"true\" aria-required=\"true\" \/><\/div>\n<div class=\"w-form-row-state\"><\/div>\n<\/div>\n<div class=\"w-form-row for_email required\">\n<div class=\"w-form-row-field\"><input name=\"email\" required=\"\" type=\"email\" value=\"\" placeholder=\"Correo electr\u00f3nico *\" data-required=\"true\" aria-required=\"true\" \/><\/div>\n<\/div>\n<div class=\"w-form-row for_message required\">\n<div class=\"w-form-row-field\"><select name=\"industry\" required=\"\"><option value=\"\">Selecciona tu actividad<\/option><option value=\"Paciente\">Paciente<\/option><option value=\"Cuidador\">Cuidador<\/option><option value=\"Profesional de la salud\">Profesional de la salud<\/option><\/select><\/div>\n<\/div>\n<div class=\"w-form-row for_message required\">\n<div class=\"w-form-row-field\"><select name=\"country\" required=\"\"><option value=\"\">Selecciona tu pa\u00eds<\/option><option value=\"M\u00e9xico\">M\u00e9xico<\/option><option value=\"Otro\">Otro<\/option><\/select><\/div>\n<\/div>\n<div class=\"w-form-row for_captcha required\">\n<div class=\"w-form-row-field\"><select name=\"leadsource\" required=\"\"><option value=\"TSH - Ebook\">Descargar E-BOOK gratis<\/option><\/select><\/div>\n<\/div>\n<p><center><br \/>\n<input type=\"submit\" value=\"Descargar EBOOK\" \/><\/center><\/div>\n<\/form>\n<p><script type=\"text\/javascript\">window.onload = function() { var N=navigator.appName, ua=navigator.userAgent, tem;var M=ua.match(\/(opera|chrome|safari|firefox|msie)\\\/?\\s*(\\.?\\d+(\\.\\d+)*)\/i);if(M && (tem= ua.match(\/version\\\/([\\.\\d]+)\/i))!= null) M[2]= tem[1];M=M? [M[1], M[2]]: [N, navigator.appVersion, \"-?\"];var browserName = M[0];var form = document.forms[0], inputs = form.elements; form.onsubmit = function() { var required = [], att, val; for (var i = 0; i < inputs.length; i++) { att = inputs&#091;i&#093;.getAttribute(\"required\"); val = inputs&#091;i&#093;.value; type = inputs&#091;i&#093;.type; if(type == \"email\") {if(val != \"\") {var elemLabel = inputs&#091;i&#093;.getAttribute(\"label\");var emailFilter = \/^&#091;_\/a-zA-Z0-9&#093;+(&#091;!\"#$%&#038;()*+,.\/:;<=>?\\^_`{|}~-]?[a-zA-Z0-9\/_\/-])*@[a-zA-Z0-9]+([\\_\\-\\.]?[a-zA-Z0-9]+)*\\.([\\-\\_]?[a-zA-Z0-9])+(\\.?[a-zA-Z0-9]+)?$\/;var illegalChars= \/[\\(\\)\\<\\>\\,\\;\\:\\\"\\[\\]]\/ ;if (!emailFilter.test(val)) {alert(\"For \"+ elemLabel +\" field please enter valid email address\"); return false;} else if (val.match(illegalChars)) {alert(elemLabel +\" field contains illegal characters\");return false;}}}if (att != null) { if (val.replace(\/^\\s+|\\s+$\/g, \"\") == \"\") { required.push(inputs[i].getAttribute(\"label\")); } } } if (required.length > 0) { alert(\"The following fields are required: \" + required.join()); return false; } var numberTypeInputs = document.querySelectorAll(\"input[type=number]\");for (var i = 0; i < numberTypeInputs.length; i++) { val = numberTypeInputs&#091;i&#093;.value;var elemLabel = numberTypeInputs&#091;i&#093;.getAttribute(\"label\");if(val != \"\") {var intRegex = \/^&#091;+-&#093;?\\d+$\/;if (!intRegex.test(val)) {alert(\"For \"+ elemLabel +\" field please enter valid number\"); return false;}}}}; }<\/script><\/p>\n\r\n\t\t<\/div>\r\n\t<\/div>\r\n<div class=\"w-separator type_invisible size_small thick_1 style_solid color_border cont_none\"><span class=\"w-separator-h\"><\/span><\/div>\r\n\t<div class=\"wpb_text_column \">\r\n\t\t<div class=\"wpb_wrapper\">\r\n\t\t\t<p>En Meditip estamos comprometidos con las personas que requieren de atenci\u00f3n especializada para el tratamiento de heridas. Nos alegra mucho poder estar en contacto contigo y ofrecerte esta publicaci\u00f3n, esperando que sea de utilidad. Nos dar\u00e1 gusto recibir cualquier comentario a contacto@meditip.lat.<\/p>\n\r\n\t\t<\/div>\r\n\t<\/div>\r\n<div class=\"w-separator type_invisible size_small thick_1 style_solid color_border cont_none\"><span class=\"w-separator-h\"><\/span><\/div><\/div><\/div><\/div><\/div><\/div><\/section><section class=\"l-section wpb_row height_auto color_alternate with_img parallax_hor bgwidth_130 with_overlay\" id=\"tipos\"><div class=\"l-section-img\" style=\"background-image: url();\"><\/div><div class=\"l-section-overlay\" style=\"background-color: #e3e3e3\"><\/div><div class=\"l-section-h i-cf\"><div class=\"g-cols type_default valign_middle\"><div class=\"vc_col-sm-12 wpb_column vc_column_container animate_afb\"><div class=\"vc_column-inner\"><div class=\"wpb_wrapper\"><div class=\"w-logos style_3 with_indents type_carousel cols_5\"><div class=\"w-logos-list owl-carousel\" data-items=\"5\" data-nav=\"0\" data-dots=\"0\" data-center=\"0\" data-autoplay=\"0\" data-timeout=\"3000\" data-slideby=\"1\"><a class=\"w-logos-item\" href=\"\"><img loading=\"lazy\" decoding=\"async\" width=\"300\" height=\"300\" src=\"https:\/\/www.meditip.lat\/servicios\/wp-content\/uploads\/2018\/01\/Reg\u00edstrate-300x300.png\" class=\"attachment-medium size-medium\" alt=\"\" srcset=\"https:\/\/www.meditip.lat\/servicios\/wp-content\/uploads\/2018\/01\/Reg\u00edstrate-300x300.png 300w, https:\/\/www.meditip.lat\/servicios\/wp-content\/uploads\/2018\/01\/Reg\u00edstrate-150x150.png 150w, https:\/\/www.meditip.lat\/servicios\/wp-content\/uploads\/2018\/01\/Reg\u00edstrate.png 400w, https:\/\/www.meditip.lat\/servicios\/wp-content\/uploads\/2018\/01\/Reg\u00edstrate-350x350.png 350w\" sizes=\"auto, (max-width: 300px) 100vw, 300px\" \/><\/a><a class=\"w-logos-item\" href=\"\"><img loading=\"lazy\" decoding=\"async\" width=\"300\" height=\"300\" src=\"https:\/\/www.meditip.lat\/servicios\/wp-content\/uploads\/2018\/01\/Descarga-300x300.png\" class=\"attachment-medium size-medium\" alt=\"\" srcset=\"https:\/\/www.meditip.lat\/servicios\/wp-content\/uploads\/2018\/01\/Descarga-300x300.png 300w, https:\/\/www.meditip.lat\/servicios\/wp-content\/uploads\/2018\/01\/Descarga-150x150.png 150w, https:\/\/www.meditip.lat\/servicios\/wp-content\/uploads\/2018\/01\/Descarga.png 400w, https:\/\/www.meditip.lat\/servicios\/wp-content\/uploads\/2018\/01\/Descarga-350x350.png 350w\" sizes=\"auto, (max-width: 300px) 100vw, 300px\" \/><\/a><a class=\"w-logos-item\" href=\"\"><img loading=\"lazy\" decoding=\"async\" width=\"300\" height=\"300\" src=\"https:\/\/www.meditip.lat\/servicios\/wp-content\/uploads\/2018\/01\/Disfruta-300x300.png\" class=\"attachment-medium size-medium\" alt=\"\" srcset=\"https:\/\/www.meditip.lat\/servicios\/wp-content\/uploads\/2018\/01\/Disfruta-300x300.png 300w, https:\/\/www.meditip.lat\/servicios\/wp-content\/uploads\/2018\/01\/Disfruta-150x150.png 150w, https:\/\/www.meditip.lat\/servicios\/wp-content\/uploads\/2018\/01\/Disfruta.png 400w, https:\/\/www.meditip.lat\/servicios\/wp-content\/uploads\/2018\/01\/Disfruta-350x350.png 350w\" sizes=\"auto, (max-width: 300px) 100vw, 300px\" \/><\/a><div class=\"w-logos-item\"><img loading=\"lazy\" decoding=\"async\" width=\"300\" height=\"300\" src=\"https:\/\/www.meditip.lat\/servicios\/wp-content\/uploads\/2018\/01\/Recomi\u00e9ndanos-300x300.png\" class=\"attachment-medium size-medium\" alt=\"\" srcset=\"https:\/\/www.meditip.lat\/servicios\/wp-content\/uploads\/2018\/01\/Recomi\u00e9ndanos-300x300.png 300w, https:\/\/www.meditip.lat\/servicios\/wp-content\/uploads\/2018\/01\/Recomi\u00e9ndanos-150x150.png 150w, https:\/\/www.meditip.lat\/servicios\/wp-content\/uploads\/2018\/01\/Recomi\u00e9ndanos.png 400w, https:\/\/www.meditip.lat\/servicios\/wp-content\/uploads\/2018\/01\/Recomi\u00e9ndanos-350x350.png 350w\" sizes=\"auto, (max-width: 300px) 100vw, 300px\" \/><\/div><a class=\"w-logos-item\" href=\"http:\/\/www.meditip.lat\/category\/salud-de-la-a-z\/\"><img loading=\"lazy\" decoding=\"async\" width=\"300\" height=\"300\" src=\"https:\/\/www.meditip.lat\/servicios\/wp-content\/uploads\/2018\/01\/S\u00edguenos-300x300.png\" class=\"attachment-medium size-medium\" alt=\"\" srcset=\"https:\/\/www.meditip.lat\/servicios\/wp-content\/uploads\/2018\/01\/S\u00edguenos-300x300.png 300w, https:\/\/www.meditip.lat\/servicios\/wp-content\/uploads\/2018\/01\/S\u00edguenos-150x150.png 150w, https:\/\/www.meditip.lat\/servicios\/wp-content\/uploads\/2018\/01\/S\u00edguenos.png 400w, https:\/\/www.meditip.lat\/servicios\/wp-content\/uploads\/2018\/01\/S\u00edguenos-350x350.png 350w\" sizes=\"auto, (max-width: 300px) 100vw, 300px\" \/><\/a><\/div><div class=\"g-preloader type_1\"><\/div><\/div><\/div><\/div><\/div><\/div><\/div><\/section><section class=\"l-section wpb_row height_large color_primary with_img parallax_ver with_overlay\" id=\"confianza\"><div class=\"l-section-img\" style=\"background-image: url(https:\/\/www.meditip.lat\/servicios\/wp-content\/uploads\/2018\/01\/Heridas-tratamiento-y-mitos.jpg);\" data-img-width=\"1600\" data-img-height=\"480\"><\/div><div class=\"l-section-overlay\" style=\"background-color: rgba(30,30,30,0.75)\"><\/div><div class=\"l-section-h i-cf\"><div class=\"g-cols type_default valign_middle vc_column-gap-20\"><div class=\"vc_col-sm-12 wpb_column vc_column_container animate_afb\"><div class=\"vc_column-inner\"><div class=\"wpb_wrapper\">\r\n\t<div class=\"wpb_text_column \">\r\n\t\t<div class=\"wpb_wrapper\">\r\n\t\t\t<h2 style=\"text-align: center;\"><strong>Por qu\u00e9 confiar en nosotros<\/strong><\/h2>\n<h6 style=\"text-align: center;\">Nuestra actividad consiste en divulgar informaci\u00f3n de valor para el manejo de condiciones de salud diversas. Buscamos y establecemos alianzas entre especialistas en el tratamiento de heridas y proveedores de material especializado, para poner a tu disposici\u00f3n las mejores alternativas de tratamiento, control y prevenci\u00f3n de heridas y ostom\u00edas.<\/h6>\n\r\n\t\t<\/div>\r\n\t<\/div>\r\n<\/div><\/div><\/div><\/div><\/div><\/section><section class=\"l-section wpb_row height_large\" id=\"contactanos\"><div class=\"l-section-h i-cf\"><div class=\"g-cols type_default valign_top\"><div class=\"vc_col-sm-12 wpb_column vc_column_container animate_afb\"><div class=\"vc_column-inner\"><div class=\"wpb_wrapper\">\r\n\t<div class=\"wpb_text_column \">\r\n\t\t<div class=\"wpb_wrapper\">\r\n\t\t\t<h2 style=\"text-align: center;\">\u00bfTienes alguna duda? \u00bfCont\u00e1ctanos?<\/h2>\n\r\n\t\t<\/div>\r\n\t<\/div>\r\n<div class=\"w-btn-wrapper align_center\"><a class=\"w-btn style_solid color_primary icon_atleft\" href=\"http:\/\/www.meditip.lat\/contactanos\/\"><i class=\"material-icons\">message<\/i><span class=\"w-btn-label\">Contactar ahora<\/span><\/a><\/div><\/div><\/div><\/div><\/div><\/div><\/section>\n","protected":false},"excerpt":{"rendered":"Meditip En conjunto con Boston Medical Care, estamos comprometidos con las personas que requieren de atenci\u00f3n especializada para el tratamiento de heridas. Ser\u00e1 un placer para nosotros recibirte a ti...","protected":false},"author":1,"featured_media":0,"parent":0,"menu_order":0,"comment_status":"closed","ping_status":"closed","template":"","meta":{"footnotes":""},"class_list":["post-6112","page","type-page","status-publish","hentry"],"_links":{"self":[{"href":"https:\/\/www.meditip.lat\/servicios\/wp-json\/wp\/v2\/pages\/6112","targetHints":{"allow":["GET"]}}],"collection":[{"href":"https:\/\/www.meditip.lat\/servicios\/wp-json\/wp\/v2\/pages"}],"about":[{"href":"https:\/\/www.meditip.lat\/servicios\/wp-json\/wp\/v2\/types\/page"}],"author":[{"embeddable":true,"href":"https:\/\/www.meditip.lat\/servicios\/wp-json\/wp\/v2\/users\/1"}],"replies":[{"embeddable":true,"href":"https:\/\/www.meditip.lat\/servicios\/wp-json\/wp\/v2\/comments?post=6112"}],"version-history":[{"count":47,"href":"https:\/\/www.meditip.lat\/servicios\/wp-json\/wp\/v2\/pages\/6112\/revisions"}],"predecessor-version":[{"id":6453,"href":"https:\/\/www.meditip.lat\/servicios\/wp-json\/wp\/v2\/pages\/6112\/revisions\/6453"}],"wp:attachment":[{"href":"https:\/\/www.meditip.lat\/servicios\/wp-json\/wp\/v2\/media?parent=6112"}],"curies":[{"name":"wp","href":"https:\/\/api.w.org\/{rel}","templated":true}]}}