{"id":5979,"date":"2018-01-11T14:42:59","date_gmt":"2018-01-11T20:42:59","guid":{"rendered":"http:\/\/www.meditip.lat\/servicios\/?page_id=5979"},"modified":"2019-04-17T16:03:50","modified_gmt":"2019-04-17T21:03:50","slug":"consulta-gratuita-bmc","status":"publish","type":"page","link":"https:\/\/www.meditip.lat\/servicios\/consulta-gratuita-bmc\/","title":{"rendered":"Consulta Gratuita"},"content":{"rendered":"<section class=\"l-section wpb_row height_auto\" id=\"inicio\"><div class=\"l-section-h i-cf\"><div class=\"g-cols type_default valign_top\"><div class=\"vc_col-sm-12 wpb_column vc_column_container\"><div class=\"vc_column-inner\"><div class=\"wpb_wrapper\"><div class=\"w-separator type_invisible size_large thick_1 style_solid color_border cont_none\"><span class=\"w-separator-h\"><\/span><\/div>\r\n\t<div class=\"wpb_text_column \">\r\n\t\t<div class=\"wpb_wrapper\">\r\n\t\t\t<h3 style=\"text-align: center;\">Consulta especializada en atenci\u00f3n de heridas y ostom\u00edas sin costo para la CDMX<\/h3>\n\r\n\t\t<\/div>\r\n\t<\/div>\r\n<\/div><\/div><\/div><\/div><\/div><\/section><section class=\"l-section wpb_row height_auto\" id=\"consulta\"><div class=\"l-section-h i-cf\"><div class=\"g-cols type_default valign_top\"><div class=\"vc_col-sm-8 wpb_column vc_column_container\"><div class=\"vc_column-inner\"><div class=\"wpb_wrapper\"><div class=\"w-separator type_invisible size_large thick_1 style_solid color_border cont_none\"><span class=\"w-separator-h\"><\/span><\/div><div class=\"w-image style_simple animate_afc\"><div class=\"us-frame\"><img loading=\"lazy\" decoding=\"async\" width=\"1024\" height=\"896\" src=\"https:\/\/www.meditip.lat\/servicios\/wp-content\/uploads\/2018\/01\/Imagen-meditip-consulta-a-la-cl\u00ednica.jpg-1024x896.jpg\" class=\"attachment-large size-large\" alt=\"\" srcset=\"https:\/\/www.meditip.lat\/servicios\/wp-content\/uploads\/2018\/01\/Imagen-meditip-consulta-a-la-cl\u00ednica.jpg-1024x896.jpg 1024w, https:\/\/www.meditip.lat\/servicios\/wp-content\/uploads\/2018\/01\/Imagen-meditip-consulta-a-la-cl\u00ednica.jpg-300x263.jpg 300w, https:\/\/www.meditip.lat\/servicios\/wp-content\/uploads\/2018\/01\/Imagen-meditip-consulta-a-la-cl\u00ednica.jpg-768x672.jpg 768w, https:\/\/www.meditip.lat\/servicios\/wp-content\/uploads\/2018\/01\/Imagen-meditip-consulta-a-la-cl\u00ednica.jpg-600x525.jpg 600w, https:\/\/www.meditip.lat\/servicios\/wp-content\/uploads\/2018\/01\/Imagen-meditip-consulta-a-la-cl\u00ednica.jpg.jpg 1200w\" sizes=\"auto, (max-width: 1024px) 100vw, 1024px\" \/><\/div><\/div><\/div><\/div><\/div><div class=\"vc_col-sm-4 wpb_column vc_column_container\"><div class=\"vc_column-inner color_custom\" style=\"color:#3b3d40;\"><div class=\"wpb_wrapper\"><div class=\"w-separator type_invisible size_large thick_1 style_solid color_border cont_none\"><span class=\"w-separator-h\"><\/span><\/div>\r\n\t<div class=\"wpb_text_column  vc_custom_1528997285827\">\r\n\t\t<div class=\"wpb_wrapper\">\r\n\t\t\t<h4 style=\"text-align: center;\"><span style=\"color: #ffffff;\">Solicita una consulta gratuita<\/span><\/h4>\n<div class=\"w-separator type_default size_small thick_2 style_solid color_border cont_icon\"><span class=\"w-separator-h\"><i class=\"fa fa-address-card\"><\/i><\/span><\/div>\n<form accept-charset=\"utf-8\" action=\"http:\/\/www.serviciosmedicosonline.com\/crm\/modules\/Webforms\/capture.php\" enctype=\"multipart\/form-data\" method=\"post\" name=\"OYF - Cosultas\"><input name=\"__vtrftk\" type=\"hidden\" value=\"sid:3d65a798f16707b8b561d4f3ff588544d59d6a86,1528996622\" \/><br \/>\n<input name=\"publicid\" type=\"hidden\" value=\"f3058fcb568992b3ad1b9c36e22658ad\" \/><\/p>\n<div class=\"w-form-row for_name required\">\n<div class=\"w-form-row-field\"><input id=\"us_form_1_name\" name=\"firstname\" required=\"\" type=\"text\" value=\"\" placeholder=\"Nombre *\" data-required=\"true\" aria-required=\"true\" \/><\/div>\n<div class=\"w-form-row-state\"><\/div>\n<\/div>\n<div class=\"w-form-row for_name required\">\n<div class=\"w-form-row-label\"><\/div>\n<div class=\"w-form-row-field\"><input id=\"us_form_1_name\" name=\"lastname\" required=\"\" type=\"text\" value=\"\" placeholder=\"Apellido *\" data-required=\"true\" aria-required=\"true\" \/><\/div>\n<div class=\"w-form-row-state\"><\/div>\n<\/div>\n<div class=\"w-form-row for_email required\">\n<div class=\"w-form-row-field\"><input name=\"email\" required=\"\" type=\"email\" value=\"\" placeholder=\"Correo electr\u00f3nico *\" data-required=\"true\" aria-required=\"true\" \/><\/div>\n<\/div>\n<div class=\"w-form-row for_phone\">\n<div class=\"w-form-row-label\"><\/div>\n<div class=\"w-form-row-field\"><input id=\"us_form_1_phone\" name=\"mobile\" required=\"\" type=\"text\" value=\"\" placeholder=\"N\u00famero de tel\u00e9fono *\" \/><\/div>\n<div class=\"w-form-row-state\"><\/div>\n<\/div>\n<div class=\"w-form-row for_message required\">\n<div class=\"w-form-row-field\"><select name=\"industry\" required=\"\"><option value=\"\">Selecciona tu actividad<\/option><option value=\"Paciente\">Paciente<\/option><option value=\"Cuidador\">Cuidador<\/option><option value=\"Profesional de la salud\">Profesional de la salud<\/option><\/select><\/div>\n<\/div>\n<div class=\"w-form-row for_message required\">\n<div class=\"w-form-row-field\"><select name=\"country\" required=\"\"><option value=\"\">Selecciona tu pa\u00eds<\/option><option value=\"M\u00e9xico\">M\u00e9xico<\/option><option value=\"Otro\">Otro<\/option><\/select><\/div>\n<\/div>\n<div class=\"w-form-row for_captcha required\">\n<div class=\"w-form-row-field\"><select name=\"leadsource\" required=\"\"><option value=\"OYF - Consulta CDMX\">Quiero una consulta<\/option><\/select><\/div>\n<\/div>\n<p><center><br \/>\n<input type=\"submit\" value=\"Solicitar consulta\" \/><\/center><\/form>\n<p><script type=\"text\/javascript\">window.onload = function() { var N=navigator.appName, ua=navigator.userAgent, tem;var M=ua.match(\/(opera|chrome|safari|firefox|msie)\\\/?\\s*(\\.?\\d+(\\.\\d+)*)\/i);if(M && (tem= ua.match(\/version\\\/([\\.\\d]+)\/i))!= null) M[2]= tem[1];M=M? [M[1], M[2]]: [N, navigator.appVersion, \"-?\"];var browserName = M[0];var form = document.forms[0], inputs = form.elements; form.onsubmit = function() { var required = [], att, val; for (var i = 0; i < inputs.length; i++) { att = inputs&#091;i&#093;.getAttribute(\"required\"); val = inputs&#091;i&#093;.value; type = inputs&#091;i&#093;.type; if(type == \"email\") {if(val != \"\") {var elemLabel = inputs&#091;i&#093;.getAttribute(\"label\");var emailFilter = \/^&#091;_\/a-zA-Z0-9&#093;+(&#091;!\"#$%&#038;()*+,.\/:;<=>?\\^_`{|}~-]?[a-zA-Z0-9\/_\/-])*@[a-zA-Z0-9]+([\\_\\-\\.]?[a-zA-Z0-9]+)*\\.([\\-\\_]?[a-zA-Z0-9])+(\\.?[a-zA-Z0-9]+)?$\/;var illegalChars= \/[\\(\\)\\<\\>\\,\\;\\:\\\"\\[\\]]\/ ;if (!emailFilter.test(val)) {alert(\"For \"+ elemLabel +\" field please enter valid email address\"); return false;} else if (val.match(illegalChars)) {alert(elemLabel +\" field contains illegal characters\");return false;}}}if (att != null) { if (val.replace(\/^\\s+|\\s+$\/g, \"\") == \"\") { required.push(inputs[i].getAttribute(\"label\")); } } } if (required.length > 0) { alert(\"The following fields are required: \" + required.join()); return false; } var numberTypeInputs = document.querySelectorAll(\"input[type=number]\");for (var i = 0; i < numberTypeInputs.length; i++) { val = numberTypeInputs&#091;i&#093;.value;var elemLabel = numberTypeInputs&#091;i&#093;.getAttribute(\"label\");if(val != \"\") {var intRegex = \/^&#091;+-&#093;?\\d+$\/;if (!intRegex.test(val)) {alert(\"For \"+ elemLabel +\" field please enter valid number\"); return false;}}}}; }<\/script><\/p>\n\r\n\t\t<\/div>\r\n\t<\/div>\r\n<div class=\"w-separator type_invisible size_small thick_1 style_solid color_border cont_none\"><span class=\"w-separator-h\"><\/span><\/div>\r\n\t<div class=\"wpb_text_column \">\r\n\t\t<div class=\"wpb_wrapper\">\r\n\t\t\t<p>Meditip en conjunto con Boston Medical Care, estamos comprometidos con las personas que requieren de atenci\u00f3n especializada para el tratamiento de heridas. Ser\u00e1 un placer para nosotros recibirte a ti o a tu paciente.<\/p>\n\r\n\t\t<\/div>\r\n\t<\/div>\r\n<div class=\"w-separator type_invisible size_small thick_1 style_solid color_border cont_none\"><span class=\"w-separator-h\"><\/span><\/div><\/div><\/div><\/div><\/div><\/div><\/section><section class=\"l-section wpb_row height_auto color_alternate with_img parallax_hor bgwidth_130 with_overlay\"><div class=\"l-section-img\" style=\"background-image: url();\"><\/div><div class=\"l-section-overlay\" style=\"background-color: #e3e3e3\"><\/div><div class=\"l-section-h i-cf\"><div class=\"g-cols type_default valign_middle\"><div class=\"vc_col-sm-12 wpb_column vc_column_container animate_afb\"><div class=\"vc_column-inner\"><div class=\"wpb_wrapper\"><div class=\"w-logos style_3 with_indents type_carousel cols_5\"><div class=\"w-logos-list owl-carousel\" data-items=\"5\" data-nav=\"0\" data-dots=\"0\" data-center=\"0\" data-autoplay=\"0\" data-timeout=\"3000\" data-slideby=\"1\"><a class=\"w-logos-item\" href=\"\"><img loading=\"lazy\" decoding=\"async\" width=\"300\" height=\"300\" src=\"https:\/\/www.meditip.lat\/servicios\/wp-content\/uploads\/2018\/01\/\u00edconos-para-landing-1-300x300.png\" class=\"attachment-medium size-medium\" alt=\"\" srcset=\"https:\/\/www.meditip.lat\/servicios\/wp-content\/uploads\/2018\/01\/\u00edconos-para-landing-1-300x300.png 300w, https:\/\/www.meditip.lat\/servicios\/wp-content\/uploads\/2018\/01\/\u00edconos-para-landing-1-150x150.png 150w, https:\/\/www.meditip.lat\/servicios\/wp-content\/uploads\/2018\/01\/\u00edconos-para-landing-1.png 400w, https:\/\/www.meditip.lat\/servicios\/wp-content\/uploads\/2018\/01\/\u00edconos-para-landing-1-350x350.png 350w\" sizes=\"auto, (max-width: 300px) 100vw, 300px\" \/><\/a><a class=\"w-logos-item\" href=\"\"><img loading=\"lazy\" decoding=\"async\" width=\"300\" height=\"300\" src=\"https:\/\/www.meditip.lat\/servicios\/wp-content\/uploads\/2018\/01\/\u00edconos-para-landing-2-300x300.png\" class=\"attachment-medium size-medium\" alt=\"\" srcset=\"https:\/\/www.meditip.lat\/servicios\/wp-content\/uploads\/2018\/01\/\u00edconos-para-landing-2-300x300.png 300w, https:\/\/www.meditip.lat\/servicios\/wp-content\/uploads\/2018\/01\/\u00edconos-para-landing-2-150x150.png 150w, https:\/\/www.meditip.lat\/servicios\/wp-content\/uploads\/2018\/01\/\u00edconos-para-landing-2.png 400w, https:\/\/www.meditip.lat\/servicios\/wp-content\/uploads\/2018\/01\/\u00edconos-para-landing-2-350x350.png 350w\" sizes=\"auto, (max-width: 300px) 100vw, 300px\" \/><\/a><a class=\"w-logos-item\" href=\"\"><img loading=\"lazy\" decoding=\"async\" width=\"300\" height=\"300\" src=\"https:\/\/www.meditip.lat\/servicios\/wp-content\/uploads\/2018\/01\/\u00edconos-para-landing-4-300x300.png\" class=\"attachment-medium size-medium\" alt=\"\" srcset=\"https:\/\/www.meditip.lat\/servicios\/wp-content\/uploads\/2018\/01\/\u00edconos-para-landing-4-300x300.png 300w, https:\/\/www.meditip.lat\/servicios\/wp-content\/uploads\/2018\/01\/\u00edconos-para-landing-4-150x150.png 150w, https:\/\/www.meditip.lat\/servicios\/wp-content\/uploads\/2018\/01\/\u00edconos-para-landing-4.png 400w, https:\/\/www.meditip.lat\/servicios\/wp-content\/uploads\/2018\/01\/\u00edconos-para-landing-4-350x350.png 350w\" sizes=\"auto, (max-width: 300px) 100vw, 300px\" \/><\/a><div class=\"w-logos-item\"><img loading=\"lazy\" decoding=\"async\" width=\"300\" height=\"300\" src=\"https:\/\/www.meditip.lat\/servicios\/wp-content\/uploads\/2018\/01\/\u00edconos-para-landing-3-300x300.png\" class=\"attachment-medium size-medium\" alt=\"\" srcset=\"https:\/\/www.meditip.lat\/servicios\/wp-content\/uploads\/2018\/01\/\u00edconos-para-landing-3-300x300.png 300w, https:\/\/www.meditip.lat\/servicios\/wp-content\/uploads\/2018\/01\/\u00edconos-para-landing-3-150x150.png 150w, https:\/\/www.meditip.lat\/servicios\/wp-content\/uploads\/2018\/01\/\u00edconos-para-landing-3.png 400w, https:\/\/www.meditip.lat\/servicios\/wp-content\/uploads\/2018\/01\/\u00edconos-para-landing-3-350x350.png 350w\" sizes=\"auto, (max-width: 300px) 100vw, 300px\" \/><\/div><div class=\"w-logos-item\"><img loading=\"lazy\" decoding=\"async\" width=\"300\" height=\"300\" src=\"https:\/\/www.meditip.lat\/servicios\/wp-content\/uploads\/2018\/01\/\u00edconos-para-landing-5-300x300.png\" class=\"attachment-medium size-medium\" alt=\"\" srcset=\"https:\/\/www.meditip.lat\/servicios\/wp-content\/uploads\/2018\/01\/\u00edconos-para-landing-5-300x300.png 300w, https:\/\/www.meditip.lat\/servicios\/wp-content\/uploads\/2018\/01\/\u00edconos-para-landing-5-150x150.png 150w, https:\/\/www.meditip.lat\/servicios\/wp-content\/uploads\/2018\/01\/\u00edconos-para-landing-5.png 400w, https:\/\/www.meditip.lat\/servicios\/wp-content\/uploads\/2018\/01\/\u00edconos-para-landing-5-350x350.png 350w\" sizes=\"auto, (max-width: 300px) 100vw, 300px\" \/><\/div><div class=\"w-logos-item\"><img loading=\"lazy\" decoding=\"async\" src=\"\/\/www.meditip.lat\/servicios\/wp-content\/themes\/Impreza\/framework\/img\/us-placeholder-square.jpg\" width=\"500\" height=\"500\" alt=\"\"><\/div><\/div><div class=\"g-preloader type_1\"><\/div><\/div><\/div><\/div><\/div><\/div><\/div><\/section><section class=\"l-section wpb_row height_large color_primary with_img parallax_ver with_overlay\" id=\"confianza\"><div class=\"l-section-img\" style=\"background-image: url(https:\/\/www.meditip.lat\/servicios\/wp-content\/uploads\/2018\/01\/588234bb1700002e00fdfc2c.jpeg);background-position: top center;\" data-img-width=\"1910\" data-img-height=\"1000\"><\/div><div class=\"l-section-overlay\" style=\"background-color: rgba(30,30,30,0.75)\"><\/div><div class=\"l-section-h i-cf\"><div class=\"g-cols type_default valign_middle vc_column-gap-20\"><div class=\"vc_col-sm-12 wpb_column vc_column_container animate_afb\"><div class=\"vc_column-inner\"><div class=\"wpb_wrapper\">\r\n\t<div class=\"wpb_text_column \">\r\n\t\t<div class=\"wpb_wrapper\">\r\n\t\t\t<h2 style=\"text-align: center;\"><strong>Por qu\u00e9 confiar en nosotros<\/strong><\/h2>\n<h6 style=\"text-align: center;\">Nuestra actividad se conforma de una alianza entre especialistas en el tratamiento de heridas y proveedores de material especializado, para poner a tu disposici\u00f3n las mejores alternativas de tratamiento, control y prevenci\u00f3n de heridas y ostom\u00edas.<\/h6>\n\r\n\t\t<\/div>\r\n\t<\/div>\r\n<\/div><\/div><\/div><\/div><\/div><\/section><section class=\"l-section wpb_row height_large\" id=\"contactanos\"><div class=\"l-section-h i-cf\"><div class=\"g-cols type_default valign_top\"><div class=\"vc_col-sm-12 wpb_column vc_column_container animate_afb\"><div class=\"vc_column-inner\"><div class=\"wpb_wrapper\">\r\n\t<div class=\"wpb_text_column \">\r\n\t\t<div class=\"wpb_wrapper\">\r\n\t\t\t<h2 style=\"text-align: center;\">\u00bfTienes alguna duda? \u00bfCont\u00e1ctanos?<\/h2>\n\r\n\t\t<\/div>\r\n\t<\/div>\r\n<div class=\"w-btn-wrapper align_center\"><a class=\"w-btn style_solid color_primary icon_atleft\" href=\"http:\/\/www.meditip.lat\/contactanos\/\"><i class=\"material-icons\">message<\/i><span class=\"w-btn-label\">Contactar ahora<\/span><\/a><\/div><\/div><\/div><\/div><\/div><\/div><\/section><section class=\"l-section wpb_row height_large color_primary with_img parallax_ver with_overlay\" id=\"testimonios\"><div class=\"l-section-img\" style=\"background-image: url(https:\/\/www.meditip.lat\/servicios\/wp-content\/uploads\/2018\/01\/ileostom\u00edas-meditip.jpg);background-position: top center;\" data-img-width=\"1078\" data-img-height=\"516\"><\/div><div class=\"l-section-overlay\" style=\"background-color: rgba(30,30,30,0.75)\"><\/div><div class=\"l-section-h i-cf\"><div class=\"g-cols type_default valign_middle vc_column-gap-20\"><div class=\"vc_col-sm-12 wpb_column vc_column_container animate_afb\"><div class=\"vc_column-inner\"><div class=\"wpb_wrapper\">\r\n\t<div class=\"wpb_text_column \">\r\n\t\t<div class=\"wpb_wrapper\">\r\n\t\t\t<h2 style=\"text-align: center;\"><strong>Historias de \u00c9xito<\/strong><\/h2>\n\r\n\t\t<\/div>\r\n\t<\/div>\r\n<div class=\"w-testimonials style_5 type_carousel\" style=\"font-size:1.5em;\"><div class=\"w-testimonials-list owl-carousel\" data-items=\"1\" data-nav=\"1\" data-dots=\"0\" data-center=\"0\" data-autoplay=\"0\" data-timeout=\"3000\" data-autoheight=\"1\"><div class=\"w-testimonial\"><blockquote class=\"w-testimonial-h\"><div class=\"w-testimonial-text\"><p>\u00abDespu\u00e9s de algunas semanas m\u00e1s, he recuperado mi vida. &#8211; He vuelto a hacer todo lo que hac\u00eda y ahora que he sobrevivido, puedo y quiero hacer mucho m\u00e1s de lo que hac\u00eda antes, con m\u00e1s consciencia, con m\u00e1s valor. Por ello, quisiera que m\u00e1s personas pudieran experimentar lo que sent\u00ed, que se pueden valer por s\u00ed mismos, incluso m\u00e1s que antes\u00bb<\/p>\n<\/div><div class=\"w-testimonial-author\"><div><span class=\"w-testimonial-author-name\"><span>Sergio Garcia<\/span><\/span><span class=\"w-testimonial-author-role\">Paciente de Ostomizado y Feliz<\/span><\/div><\/div><\/blockquote><\/div><\/div><div class=\"g-preloader type_1\"><\/div><\/div><\/div><\/div><\/div><\/div><\/div><\/section>\n","protected":false},"excerpt":{"rendered":"Meditip En conjunto con Boston Medical Care, estamos comprometidos con las personas que requieren de atenci\u00f3n especializada para el tratamiento de heridas. Ser\u00e1 un placer para nosotros recibirte a ti...","protected":false},"author":1,"featured_media":0,"parent":0,"menu_order":0,"comment_status":"closed","ping_status":"closed","template":"","meta":{"footnotes":""},"class_list":["post-5979","page","type-page","status-publish","hentry"],"_links":{"self":[{"href":"https:\/\/www.meditip.lat\/servicios\/wp-json\/wp\/v2\/pages\/5979","targetHints":{"allow":["GET"]}}],"collection":[{"href":"https:\/\/www.meditip.lat\/servicios\/wp-json\/wp\/v2\/pages"}],"about":[{"href":"https:\/\/www.meditip.lat\/servicios\/wp-json\/wp\/v2\/types\/page"}],"author":[{"embeddable":true,"href":"https:\/\/www.meditip.lat\/servicios\/wp-json\/wp\/v2\/users\/1"}],"replies":[{"embeddable":true,"href":"https:\/\/www.meditip.lat\/servicios\/wp-json\/wp\/v2\/comments?post=5979"}],"version-history":[{"count":54,"href":"https:\/\/www.meditip.lat\/servicios\/wp-json\/wp\/v2\/pages\/5979\/revisions"}],"predecessor-version":[{"id":6270,"href":"https:\/\/www.meditip.lat\/servicios\/wp-json\/wp\/v2\/pages\/5979\/revisions\/6270"}],"wp:attachment":[{"href":"https:\/\/www.meditip.lat\/servicios\/wp-json\/wp\/v2\/media?parent=5979"}],"curies":[{"name":"wp","href":"https:\/\/api.w.org\/{rel}","templated":true}]}}